{"id":135,"date":"2022-12-28T00:20:05","date_gmt":"2022-12-28T00:20:05","guid":{"rendered":"https:\/\/applechacabuco.com\/?page_id=135"},"modified":"2023-07-21T18:28:53","modified_gmt":"2023-07-21T18:28:53","slug":"revendedores","status":"publish","type":"page","link":"https:\/\/applechacabuco.com\/index.php\/revendedores\/","title":{"rendered":"REVENDEDORES"},"content":{"rendered":"\n<div class=\"wp-block-group is-layout-flow wp-block-group-is-layout-flow\">\n<div class=\"wp-block-cover\" style=\"padding-bottom:140px;min-height:325px;aspect-ratio:unset;\"><span aria-hidden=\"true\" class=\"wp-block-cover__background has-black-background-color has-background-dim-70 has-background-dim\"><\/span><img loading=\"lazy\" decoding=\"async\" width=\"2560\" height=\"1008\" class=\"wp-block-cover__image-background wp-image-129\" alt=\"\" src=\"http:\/\/applechacabuco.com\/wp-content\/uploads\/2022\/12\/lenses__gm0vp98jxtiu_large_2x-13-scaled.jpeg\" data-object-fit=\"cover\" srcset=\"https:\/\/applechacabuco.com\/wp-content\/uploads\/2022\/12\/lenses__gm0vp98jxtiu_large_2x-13-scaled.jpeg 2560w, https:\/\/applechacabuco.com\/wp-content\/uploads\/2022\/12\/lenses__gm0vp98jxtiu_large_2x-13-300x118.jpeg 300w, https:\/\/applechacabuco.com\/wp-content\/uploads\/2022\/12\/lenses__gm0vp98jxtiu_large_2x-13-1024x403.jpeg 1024w, https:\/\/applechacabuco.com\/wp-content\/uploads\/2022\/12\/lenses__gm0vp98jxtiu_large_2x-13-768x302.jpeg 768w, https:\/\/applechacabuco.com\/wp-content\/uploads\/2022\/12\/lenses__gm0vp98jxtiu_large_2x-13-1536x605.jpeg 1536w, https:\/\/applechacabuco.com\/wp-content\/uploads\/2022\/12\/lenses__gm0vp98jxtiu_large_2x-13-2048x806.jpeg 2048w\" sizes=\"auto, (max-width: 2560px) 100vw, 2560px\" \/><div class=\"wp-block-cover__inner-container is-layout-flow wp-block-cover-is-layout-flow\">\n<div class=\"wp-block-group is-layout-constrained wp-container-core-group-is-layout-e9161faf wp-block-group-is-layout-constrained\" style=\"padding-top:160px\">\n<div class=\"wp-block-columns is-layout-flex wp-container-core-columns-is-layout-28f84493 wp-block-columns-is-layout-flex\">\n<div class=\"wp-block-column is-layout-flow wp-block-column-is-layout-flow\"><h2 class=\"has-text-align-center wp-block-post-title has-text-color has-white-color has-heading-2-font-size has-cambria-georgia-font-family\">REVENDEDORES<\/h2><\/div>\n<\/div>\n\n\n\n<hr class=\"wp-block-separator has-text-color has-cyan-bluish-gray-color has-alpha-channel-opacity has-cyan-bluish-gray-background-color has-background\"\/>\n<\/div>\n<\/div><\/div>\n<\/div>\n\n\n\n<div class=\"wp-block-media-text alignwide is-stacked-on-mobile is-vertically-aligned-center has-black-background-color has-background\" style=\"grid-template-columns:37% auto\"><figure class=\"wp-block-media-text__media\"><img loading=\"lazy\" decoding=\"async\" width=\"812\" height=\"2044\" src=\"https:\/\/applechacabuco.com\/wp-content\/uploads\/2022\/12\/design_startframe__f5z6xj9zkgmu_large_2x.jpeg\" alt=\"\" class=\"wp-image-30 size-full\" srcset=\"https:\/\/applechacabuco.com\/wp-content\/uploads\/2022\/12\/design_startframe__f5z6xj9zkgmu_large_2x.jpeg 812w, https:\/\/applechacabuco.com\/wp-content\/uploads\/2022\/12\/design_startframe__f5z6xj9zkgmu_large_2x-119x300.jpeg 119w, https:\/\/applechacabuco.com\/wp-content\/uploads\/2022\/12\/design_startframe__f5z6xj9zkgmu_large_2x-407x1024.jpeg 407w, https:\/\/applechacabuco.com\/wp-content\/uploads\/2022\/12\/design_startframe__f5z6xj9zkgmu_large_2x-768x1933.jpeg 768w, https:\/\/applechacabuco.com\/wp-content\/uploads\/2022\/12\/design_startframe__f5z6xj9zkgmu_large_2x-610x1536.jpeg 610w\" sizes=\"auto, (max-width: 812px) 100vw, 812px\" \/><\/figure><div class=\"wp-block-media-text__content\">\n<div class=\"wp-block-group is-layout-flow wp-block-group-is-layout-flow\" style=\"padding-top:2em;padding-right:2em;padding-bottom:2em;padding-left:2em\">\n<p style=\"font-size:36px;line-height:1.2\"><strong><strong>\u00a1Unite a nuestro equipo como revendedor de Apple Chacabuco y crece con nosotros!\u00a0<\/strong><\/strong><\/p>\n\n\n\n<p class=\"has-extra-small-font-size\">Estamos buscando revendedores entusiastas y dedicados que quieran compartir nuestra pasi\u00f3n por los productos Apple y nos ayuden a conectar a m\u00e1s personas con los dispositivos m\u00e1s innovadores del mercado.<\/p>\n\n\n\n<p>Como revendedor de Apple Chacabuco, vas a tener la oportunidad de ser tu propio jefe y establecer tu propio horario de trabajo. Vas a poder trabajar mano a mano con nuestro equipo, y tendr\u00e1s el apoyo y la capacitaci\u00f3n necesaria para alcanzar el maximizar tus ventas. No se requiere experiencia previa en ventas, ya que te brindaremos todo el entrenamiento necesario para que te conviertas en un experto en nuestros productos. En nuestro equipo solo necesitamos proactividad y ganas de superarse.<\/p>\n\n\n\n<p>Al unirte a nuestro equipo, tendr\u00e1s acceso a una amplia gama de dispositivos Apple, incluyendo los \u00faltimos modelos y capacidades de almacenamiento. Podr\u00e1s acceder a los precios m\u00e1s competitivos del mercado y beneficios exclusivos para revendedores. Adem\u00e1s, vas a contar con nuestro respaldo y garant\u00eda de calidad en todos los productos que vendas.<\/p>\n\n\n\n<p>Nuestro programa de revendedores te brinda la oportunidad de expandir tu negocio y generar ingresos adicionales. Tendr\u00e1s la libertad de establecer tus propios precios y estrategias de venta, lo que te permitir\u00e1 maximizar tus ganancias.<\/p>\n\n\n\n<p>Para unirte a nuestro equipo de revendedores Apple Chacabuco, solo necesitas tener una actitud positiva, capacidad para establecer relaciones con los clientes y un inter\u00e9s genuino en los productos Apple. Si est\u00e1s dispuesto a trabajar duro, sos proactivo y tienes habilidades de comunicaci\u00f3n efectivas, \u00a1te invitamos a unirte a Apple Chacabuco y formar parte de nuestra comunidad de revendedores exitosos!<\/p>\n\n\n\n<p>\u00a1No pierdas la oportunidad de ser parte de nuestro negocio de venta de dispositivos Apple y aprovechar todas las ventajas de ser uno de nuestros revendedores autorizados!&nbsp;<\/p>\n\n\n\n<p>Contactanos hoy mismo para obtener m\u00e1s informaci\u00f3n sobre c\u00f3mo unirte a nuestro equipo y comenzar esta nueva etapa con nosotros.<\/p>\n<\/div>\n<\/div><\/div>\n\n\n\n<div class=\"wp-block-group alignfull has-text-color has-background is-layout-flow wp-block-group-is-layout-flow\" style=\"color:#000000;background-color:#ffffff\">\n<div style=\"height:64px\" aria-hidden=\"true\" class=\"wp-block-spacer\"><\/div>\n\n\n\n<p class=\"has-text-align-center has-small-font-size\" style=\"line-height:.9\"><strong>CONTACTATE CON NOSOTROS <\/strong><\/p>\n\n\n\n<h2 class=\"has-text-align-center wp-block-heading\" id=\"schedule-a-visit\" style=\"font-size:59px;line-height:1.15\"><strong>Schedule a Visit<\/strong><\/h2>\n\n\n\n<div class=\"wp-block-buttons is-horizontal is-content-justification-center is-layout-flex wp-container-core-buttons-is-layout-03627597 wp-block-buttons-is-layout-flex\">\n<div class=\"wp-block-button has-custom-width wp-block-button__width-50\"><a class=\"wp-block-button__link has-text-color has-background wp-element-button\" style=\"border-radius:50px;color:#ffffff;background-color:#000000\">Contact us<\/a><\/div>\n<\/div>\n\n\n\n<div style=\"height:64px\" aria-hidden=\"true\" class=\"wp-block-spacer\"><\/div>\n<\/div>\n","protected":false},"excerpt":{"rendered":"<p>CONTACTATE CON NOSOTROS Schedule a Visit<\/p>\n","protected":false},"author":1,"featured_media":0,"parent":0,"menu_order":0,"comment_status":"closed","ping_status":"closed","template":"template-basic","meta":{"_monsterinsights_skip_tracking":false,"_monsterinsights_sitenote_active":false,"_monsterinsights_sitenote_note":"","_monsterinsights_sitenote_category":0,"_joinchat":[],"footnotes":""},"class_list":["post-135","page","type-page","status-publish","hentry"],"aioseo_notices":[],"_links":{"self":[{"href":"https:\/\/applechacabuco.com\/index.php\/wp-json\/wp\/v2\/pages\/135","targetHints":{"allow":["GET"]}}],"collection":[{"href":"https:\/\/applechacabuco.com\/index.php\/wp-json\/wp\/v2\/pages"}],"about":[{"href":"https:\/\/applechacabuco.com\/index.php\/wp-json\/wp\/v2\/types\/page"}],"author":[{"embeddable":true,"href":"https:\/\/applechacabuco.com\/index.php\/wp-json\/wp\/v2\/users\/1"}],"replies":[{"embeddable":true,"href":"https:\/\/applechacabuco.com\/index.php\/wp-json\/wp\/v2\/comments?post=135"}],"version-history":[{"count":2,"href":"https:\/\/applechacabuco.com\/index.php\/wp-json\/wp\/v2\/pages\/135\/revisions"}],"predecessor-version":[{"id":164,"href":"https:\/\/applechacabuco.com\/index.php\/wp-json\/wp\/v2\/pages\/135\/revisions\/164"}],"wp:attachment":[{"href":"https:\/\/applechacabuco.com\/index.php\/wp-json\/wp\/v2\/media?parent=135"}],"curies":[{"name":"wp","href":"https:\/\/api.w.org\/{rel}","templated":true}]}}